{"id":47,"date":"2016-09-05T17:38:33","date_gmt":"2016-09-05T15:38:33","guid":{"rendered":"https:\/\/josjo.de\/Blog\/?page_id=47"},"modified":"2021-05-26T15:58:58","modified_gmt":"2021-05-26T13:58:58","slug":"multimeter-vc820","status":"publish","type":"page","link":"https:\/\/josjo.de\/Blog\/multimeter-vc820\/","title":{"rendered":"Multimeter (VC820)"},"content":{"rendered":"<p><img loading=\"lazy\" decoding=\"async\" class=\"aligncenter wp-image-49 size-full\" src=\"https:\/\/josjo.de\/Blog\/wp-content\/uploads\/2016\/09\/multimeter-min.png\" alt=\"multimeter-min\" width=\"816\" height=\"487\" srcset=\"https:\/\/josjo.de\/Blog\/wp-content\/uploads\/2016\/09\/multimeter-min.png 816w, https:\/\/josjo.de\/Blog\/wp-content\/uploads\/2016\/09\/multimeter-min-300x179.png 300w, https:\/\/josjo.de\/Blog\/wp-content\/uploads\/2016\/09\/multimeter-min-768x458.png 768w\" sizes=\"auto, (max-width: 816px) 100vw, 816px\" \/><\/p>\n<p>Dieses Programm ist ein simples Datenerfassungstool f\u00fcr das Multimeter &#8222;Voltcraft\u2122 VC820&#8220;. Es liest \u00fcber die serielle Schnittstelle die Daten des\u00a0 Multimeters aus. Auch die Verwendung eines USB-Seriell Adapter ist m\u00f6glich. Der richtige COM Port kann nach Anschluss des Multimeters an den PC in dem Windows Ger\u00e4temanager ermittelt werden. Die erfassten Daten werden in einem Graph visualisiert. Das Programm unterst\u00fctzt dabei die Funktion, Einheitenvors\u00e4tze f\u00fcr den Graph aufzul\u00f6sen. Dieses ist inbesondere dann hilfreich, wenn sich das Multimeter im Auto-Range Modus befindet.<\/p>\n<p>Hinweise zum Programm:<\/p>\n<ul>\n<li>Der verwendete Timer f\u00fcr die fixe Samplerate ist kein Echtzeittimer. Auf langsamen Rechnern kann sich daher die Aufzeichnung der Samples jeweils um einige Millisekunden verz\u00f6gern. Unter Umst\u00e4nden kann es dann hilfreich sein, die Priorit\u00e4t des Programms in dem Taskmanager zu erh\u00f6hen (aber bitte nicht auf Echtzeit, sonst reagiert der Rechner wahrscheinlich nicht mehr).<\/li>\n<li>Sollte zwischendurch die Verbindung zum Multimeter abbrechen (z.B. durch Aus- und Einschalten des Multimeters) ist ein manueller Neuaufbau der Verbindung erforderlich.<\/li>\n<\/ul>\n<p>Eine Dokumentation des Programms ist noch nicht vorhanden. Das meiste sollte aber selbsterkl\u00e4rend sein.<\/p>\n<p><strong>Lizenz<\/strong><\/p>\n<p>Das Programm ist freie Software und steht unter der 3-Klausel-BSD-Lizenz. Diese kann im Impressum dieser Seite eingesehen werden oder\u00a0 im ZIP-Archiv des Programms.<\/p>\n<p><strong>Systemanforderungen<\/strong><\/p>\n<p>Als Betriebssystem ist Windows Vista, 7, 8, 8.1 oder 10 erforderlich. Unter Windows XP sollte es auch lauff\u00e4hig sein, wenn das .NET Framework 4.0 installiert ist.<\/p>\n<p><strong>Download<\/strong><\/p>\n<p><em>Multimeter(VC820)<\/em><br \/>\nVersion 0.4.a <a href=\"https:\/\/josjo.de\/Blog\/wp-content\/uploads\/2016\/09\/Multimeter_0_4_a.zip\">herunterladen<\/a><br \/>\nVersion 0.3.a <a href=\"https:\/\/josjo.de\/Blog\/wp-content\/uploads\/2016\/09\/Multimeter_0_3_a.zip\">herunterladen<\/a><br \/>\nVersion 0.2.a <a href=\"https:\/\/josjo.de\/Blog\/wp-content\/uploads\/2016\/09\/MultimeterVC820.zip\">herunterladen<\/a><\/p>\n","protected":false},"excerpt":{"rendered":"<p>Dieses Programm ist ein simples Datenerfassungstool f\u00fcr das Multimeter &#8222;Voltcraft\u2122 VC820&#8220;. Es liest \u00fcber die serielle Schnittstelle die Daten des\u00a0 Multimeters aus. Auch die Verwendung eines USB-Seriell Adapter ist m\u00f6glich. Der richtige COM Port kann nach Anschluss des Multimeters an den PC in dem Windows Ger\u00e4temanager ermittelt werden. Die erfassten Daten werden in einem Graph &hellip; <a href=\"https:\/\/josjo.de\/Blog\/multimeter-vc820\/\" class=\"more-link\"><span class=\"screen-reader-text\">Multimeter (VC820)<\/span> weiterlesen<\/a><\/p>\n","protected":false},"author":1,"featured_media":0,"parent":0,"menu_order":0,"comment_status":"closed","ping_status":"closed","template":"","meta":{"footnotes":""},"class_list":["post-47","page","type-page","status-publish","hentry"],"_links":{"self":[{"href":"https:\/\/josjo.de\/Blog\/wp-json\/wp\/v2\/pages\/47","targetHints":{"allow":["GET"]}}],"collection":[{"href":"https:\/\/josjo.de\/Blog\/wp-json\/wp\/v2\/pages"}],"about":[{"href":"https:\/\/josjo.de\/Blog\/wp-json\/wp\/v2\/types\/page"}],"author":[{"embeddable":true,"href":"https:\/\/josjo.de\/Blog\/wp-json\/wp\/v2\/users\/1"}],"replies":[{"embeddable":true,"href":"https:\/\/josjo.de\/Blog\/wp-json\/wp\/v2\/comments?post=47"}],"version-history":[{"count":13,"href":"https:\/\/josjo.de\/Blog\/wp-json\/wp\/v2\/pages\/47\/revisions"}],"predecessor-version":[{"id":659,"href":"https:\/\/josjo.de\/Blog\/wp-json\/wp\/v2\/pages\/47\/revisions\/659"}],"wp:attachment":[{"href":"https:\/\/josjo.de\/Blog\/wp-json\/wp\/v2\/media?parent=47"}],"curies":[{"name":"wp","href":"https:\/\/api.w.org\/{rel}","templated":true}]}}