{"id":4,"date":"2016-09-04T18:20:17","date_gmt":"2016-09-04T16:20:17","guid":{"rendered":"https:\/\/josjo.de\/Blog\/?page_id=4"},"modified":"2020-12-30T17:49:35","modified_gmt":"2020-12-30T16:49:35","slug":"herzlich-willkommen","status":"publish","type":"page","link":"https:\/\/josjo.de\/Blog\/","title":{"rendered":"Herzlich willkommen!"},"content":{"rendered":"<p>In diesem Blog m\u00f6chte ich gerne Erfahrungen rund um den Bereich Software mit anderen teilen. Au\u00dferdem werden hier einige\u00a0 Softwareprojekte der Marke Eigenbau vorgestellt und stehen zum Download zur Verf\u00fcgung.<\/p>\n<p>Sollten Sie in den Beitr\u00e4gen Fehler finden, so melden Sie diese doch bitte \u00fcber die Kontakt-Seite, oder hinterlassen Sie einen Kommentar.<\/p>\n<p>Und nun viel Spa\u00df beim St\u00f6bern! \ud83d\ude42<\/p>\n","protected":false},"excerpt":{"rendered":"<p>In diesem Blog m\u00f6chte ich gerne Erfahrungen rund um den Bereich Software mit anderen teilen. Au\u00dferdem werden hier einige\u00a0 Softwareprojekte der Marke Eigenbau vorgestellt und stehen zum Download zur Verf\u00fcgung. Sollten Sie in den Beitr\u00e4gen Fehler finden, so melden Sie diese doch bitte \u00fcber die Kontakt-Seite, oder hinterlassen Sie einen Kommentar. Und nun viel Spa\u00df &hellip; <a href=\"https:\/\/josjo.de\/Blog\/\" class=\"more-link\"><span class=\"screen-reader-text\">Herzlich willkommen!<\/span> weiterlesen<\/a><\/p>\n","protected":false},"author":1,"featured_media":0,"parent":0,"menu_order":0,"comment_status":"closed","ping_status":"closed","template":"","meta":{"footnotes":""},"class_list":["post-4","page","type-page","status-publish","hentry"],"_links":{"self":[{"href":"https:\/\/josjo.de\/Blog\/wp-json\/wp\/v2\/pages\/4","targetHints":{"allow":["GET"]}}],"collection":[{"href":"https:\/\/josjo.de\/Blog\/wp-json\/wp\/v2\/pages"}],"about":[{"href":"https:\/\/josjo.de\/Blog\/wp-json\/wp\/v2\/types\/page"}],"author":[{"embeddable":true,"href":"https:\/\/josjo.de\/Blog\/wp-json\/wp\/v2\/users\/1"}],"replies":[{"embeddable":true,"href":"https:\/\/josjo.de\/Blog\/wp-json\/wp\/v2\/comments?post=4"}],"version-history":[{"count":6,"href":"https:\/\/josjo.de\/Blog\/wp-json\/wp\/v2\/pages\/4\/revisions"}],"predecessor-version":[{"id":618,"href":"https:\/\/josjo.de\/Blog\/wp-json\/wp\/v2\/pages\/4\/revisions\/618"}],"wp:attachment":[{"href":"https:\/\/josjo.de\/Blog\/wp-json\/wp\/v2\/media?parent=4"}],"curies":[{"name":"wp","href":"https:\/\/api.w.org\/{rel}","templated":true}]}}